{"id":4252,"date":"2018-02-28T09:33:04","date_gmt":"2018-02-28T08:33:04","guid":{"rendered":"https:\/\/www.educargeneraoportunidades.org\/go-generando-oportunidades\/libano\/"},"modified":"2023-12-15T13:02:45","modified_gmt":"2023-12-15T12:02:45","slug":"lebanon","status":"publish","type":"page","link":"https:\/\/www.educargeneraoportunidades.org\/en\/ongoing-projects\/go-generating-opportunities\/lebanon\/","title":{"rendered":"Lebanon"},"content":{"rendered":"<div class=\"wpb-content-wrapper\"><p>[vc_row css_animation=&#8221;element_from_fade&#8221; row_type=&#8221;row&#8221; use_row_as_full_screen_section=&#8221;no&#8221; type=&#8221;full_width&#8221; angled_section=&#8221;no&#8221; text_align=&#8221;left&#8221; background_image_as_pattern=&#8221;without_pattern&#8221; z_index=&#8221;&#8221; el_id=&#8221;cabeceraPais&#8221; css=&#8221;.vc_custom_1695643016029{background-image: url(https:\/\/www.educargeneraoportunidades.org\/\/wp-content\/uploads\/2023\/09\/cabecera-8.jpg?id=2944) !important;}&#8221;][vc_column][vc_column_text]In Lebanon we work on the Humanitarian Aid line through a project.[\/vc_column_text][vc_column_text el_class=&#8221;copyright&#8221;]\u00a9 Krist\u00f3f H\u00f6lv\u00e9nyi[\/vc_column_text][\/vc_column][\/vc_row][vc_row css_animation=&#8221;element_from_bottom&#8221; row_type=&#8221;row&#8221; use_row_as_full_screen_section=&#8221;no&#8221; type=&#8221;full_width&#8221; angled_section=&#8221;no&#8221; text_align=&#8221;left&#8221; background_image_as_pattern=&#8221;without_pattern&#8221; el_class=&#8221;proyectoFicha&#8221; z_index=&#8221;&#8221;][vc_column][vc_row_inner row_type=&#8221;row&#8221; type=&#8221;full_width&#8221; text_align=&#8221;left&#8221; css_animation=&#8221;&#8221;][vc_column_inner width=&#8221;1\/2&#8243;][vc_column_text]<\/p>\n<h2>Proyect 1:<\/h2>\n<p>[\/vc_column_text][vc_column_text]<\/p>\n<h3>Quality education and psychosocial care for Syrian refugee children<\/h3>\n<p>[\/vc_column_text][vc_column_text]This project provides safe educational spaces consolidation for Syrian children in Lebanese territory. It defends a comprehensive education adapted to the needs of these children, and creates a safe space where they can socialize and participate in activities that enhance their psychosocial well-being.<\/p>\n<p>In addition, we provide basic necessities including food, winterization kits and educational materials.[\/vc_column_text][\/vc_column_inner][vc_column_inner width=&#8221;1\/2&#8243;][vc_single_image image=&#8221;4081&#8243; img_size=&#8221;full&#8221; qode_css_animation=&#8221;&#8221;][vc_column_text el_class=&#8221;copyright&#8221;]\u00a9 JRS MENA[\/vc_column_text][\/vc_column_inner][\/vc_row_inner]<div class=\"qode_vertical_separator\" >\n<\/div>[vc_row_inner row_type=&#8221;row&#8221; type=&#8221;full_width&#8221; text_align=&#8221;left&#8221; css_animation=&#8221;&#8221;][vc_column_inner width=&#8221;1\/3&#8243;][vc_column_text]WE ATTEND[\/vc_column_text]<div class=\"q_counter_holder  left boxed_counter\" style=\"\" data-digit=\"3752\"><span class=\"counter  zero\" style=\"\">3752<\/span><span class=\"separator small\" style=\"\"><\/span><\/div>[vc_column_text]PEOPLE[\/vc_column_text][vc_column_text]<\/p>\n<blockquote><p>1.910 Women and 1.842 Men<\/p><\/blockquote>\n<p>[\/vc_column_text]<div class='gambit_row_scroll' data-row-entrance='fade' data-row-exit='' data--5p-center-top-entrance=\"opacity: 1;\" data-bottom-top-entrance=\"opacity: 0.0;\" ><\/div>[\/vc_column_inner][vc_column_inner width=&#8221;1\/3&#8243;][vc_column_text]With the local partner:<\/p>\n<p><img loading=\"lazy\" decoding=\"async\" class=\"alignnone wp-image-2888 \" src=\"https:\/\/www.educargeneraoportunidades.org\/\/wp-content\/uploads\/2023\/09\/logotipo_jrs.svg\" alt=\"\" width=\"160\" height=\"50\" \/>[\/vc_column_text][\/vc_column_inner][vc_column_inner width=&#8221;1\/3&#8243;][vc_column_text] In the line of work:<\/p>\n<p><img loading=\"lazy\" decoding=\"async\" class=\"alignnone wp-image-2627 \" src=\"https:\/\/www.educargeneraoportunidades.org\/\/wp-content\/uploads\/2023\/09\/ico-accion.svg\" alt=\"\" width=\"83\" height=\"50\" \/>[\/vc_column_text][\/vc_column_inner][\/vc_row_inner][\/vc_column][\/vc_row][vc_row css_animation=&#8221;&#8221; row_type=&#8221;row&#8221; use_row_as_full_screen_section=&#8221;no&#8221; type=&#8221;full_width&#8221; angled_section=&#8221;no&#8221; text_align=&#8221;left&#8221; background_image_as_pattern=&#8221;without_pattern&#8221;][vc_column]<div class=\"qode_vertical_separator\" >\n<\/div>[\/vc_column][\/vc_row][vc_row css_animation=&#8221;&#8221; row_type=&#8221;row&#8221; use_row_as_full_screen_section=&#8221;no&#8221; type=&#8221;full_width&#8221; angled_section=&#8221;no&#8221; text_align=&#8221;left&#8221; background_image_as_pattern=&#8221;without_pattern&#8221;][vc_column][vc_widget_sidebar sidebar_id=&#8221;fullscreen_menu_area_widget&#8221; el_class=&#8221;menuPaises&#8221;][\/vc_column][\/vc_row]<\/p>\n<\/div>","protected":false},"excerpt":{"rendered":"<p>[vc_row css_animation=&#8221;element_from_fade&#8221; row_type=&#8221;row&#8221; use_row_as_full_screen_section=&#8221;no&#8221; type=&#8221;full_width&#8221; angled_section=&#8221;no&#8221; text_align=&#8221;left&#8221; background_image_as_pattern=&#8221;without_pattern&#8221; z_index=&#8221;&#8221; el_id=&#8221;cabeceraPais&#8221; css=&#8221;.vc_custom_1695643016029{background-image: url(https:\/\/www.educargeneraoportunidades.org\/\/wp-content\/uploads\/2023\/09\/cabecera-8.jpg?id=2944) !important;}&#8221;][vc_column][vc_column_text]In Lebanon we work on the Humanitarian Aid line through a project.[\/vc_column_text][vc_column_text el_class=&#8221;copyright&#8221;]\u00a9 Krist\u00f3f H\u00f6lv\u00e9nyi[\/vc_column_text][\/vc_column][\/vc_row][vc_row css_animation=&#8221;element_from_bottom&#8221; row_type=&#8221;row&#8221; use_row_as_full_screen_section=&#8221;no&#8221; type=&#8221;full_width&#8221; angled_section=&#8221;no&#8221; text_align=&#8221;left&#8221; background_image_as_pattern=&#8221;without_pattern&#8221; el_class=&#8221;proyectoFicha&#8221; z_index=&#8221;&#8221;][vc_column][vc_row_inner row_type=&#8221;row&#8221; type=&#8221;full_width&#8221; text_align=&#8221;left&#8221; css_animation=&#8221;&#8221;][vc_column_inner width=&#8221;1\/2&#8243;][vc_column_text] Proyect 1: [\/vc_column_text][vc_column_text] Quality&#8230;<\/p>\n","protected":false},"author":1,"featured_media":0,"parent":4235,"menu_order":0,"comment_status":"closed","ping_status":"closed","template":"full_width.php","meta":{"footnotes":""},"class_list":["post-4252","page","type-page","status-publish","hentry"],"yoast_head":"<!-- This site is optimized with the Yoast SEO plugin v27.5 - https:\/\/yoast.com\/product\/yoast-seo-wordpress\/ -->\n<title>Lebanon - Educating generates OPPORTUNITIES<\/title>\n<meta name=\"robots\" content=\"index, follow, max-snippet:-1, max-image-preview:large, max-video-preview:-1\" \/>\n<link rel=\"canonical\" href=\"https:\/\/www.educargeneraoportunidades.org\/en\/ongoing-projects\/go-generating-opportunities\/lebanon\/\" \/>\n<meta property=\"og:locale\" content=\"en_US\" \/>\n<meta property=\"og:type\" content=\"article\" \/>\n<meta property=\"og:title\" content=\"Lebanon - Educating generates OPPORTUNITIES\" \/>\n<meta property=\"og:description\" content=\"[vc_row css_animation=&#8221;element_from_fade&#8221; row_type=&#8221;row&#8221; use_row_as_full_screen_section=&#8221;no&#8221; type=&#8221;full_width&#8221; angled_section=&#8221;no&#8221; text_align=&#8221;left&#8221; background_image_as_pattern=&#8221;without_pattern&#8221; z_index=&#8221;&#8221; el_id=&#8221;cabeceraPais&#8221; css=&#8221;.vc_custom_1695643016029{background-image: url(https:\/\/www.educargeneraoportunidades.org\/\/wp-content\/uploads\/2023\/09\/cabecera-8.jpg?id=2944) !important;}&#8221;][vc_column][vc_column_text]In Lebanon we work on the Humanitarian Aid line through a project.[\/vc_column_text][vc_column_text el_class=&#8221;copyright&#8221;]\u00a9 Krist\u00f3f H\u00f6lv\u00e9nyi[\/vc_column_text][\/vc_column][\/vc_row][vc_row css_animation=&#8221;element_from_bottom&#8221; row_type=&#8221;row&#8221; use_row_as_full_screen_section=&#8221;no&#8221; type=&#8221;full_width&#8221; angled_section=&#8221;no&#8221; text_align=&#8221;left&#8221; background_image_as_pattern=&#8221;without_pattern&#8221; el_class=&#8221;proyectoFicha&#8221; z_index=&#8221;&#8221;][vc_column][vc_row_inner row_type=&#8221;row&#8221; type=&#8221;full_width&#8221; text_align=&#8221;left&#8221; css_animation=&#8221;&#8221;][vc_column_inner width=&#8221;1\/2&#8243;][vc_column_text] Proyect 1: [\/vc_column_text][vc_column_text] Quality...\" \/>\n<meta property=\"og:url\" content=\"https:\/\/www.educargeneraoportunidades.org\/en\/ongoing-projects\/go-generating-opportunities\/lebanon\/\" \/>\n<meta property=\"og:site_name\" content=\"Educating generates OPPORTUNITIES\" \/>\n<meta property=\"article:modified_time\" content=\"2023-12-15T12:02:45+00:00\" \/>\n<meta property=\"og:image\" content=\"https:\/\/www.educargeneraoportunidades.org\/\/wp-content\/uploads\/2023\/09\/logotipo_jrs.svg\" \/>\n<meta name=\"twitter:card\" content=\"summary_large_image\" \/>\n<meta name=\"twitter:label1\" content=\"Est. reading time\" \/>\n\t<meta name=\"twitter:data1\" content=\"2 minutes\" \/>\n<script type=\"application\/ld+json\" class=\"yoast-schema-graph\">{\"@context\":\"https:\\\/\\\/schema.org\",\"@graph\":[{\"@type\":\"WebPage\",\"@id\":\"https:\\\/\\\/www.educargeneraoportunidades.org\\\/en\\\/ongoing-projects\\\/go-generating-opportunities\\\/lebanon\\\/\",\"url\":\"https:\\\/\\\/www.educargeneraoportunidades.org\\\/en\\\/ongoing-projects\\\/go-generating-opportunities\\\/lebanon\\\/\",\"name\":\"Lebanon - Educating generates OPPORTUNITIES\",\"isPartOf\":{\"@id\":\"https:\\\/\\\/www.educargeneraoportunidades.org\\\/en\\\/#website\"},\"primaryImageOfPage\":{\"@id\":\"https:\\\/\\\/www.educargeneraoportunidades.org\\\/en\\\/ongoing-projects\\\/go-generating-opportunities\\\/lebanon\\\/#primaryimage\"},\"image\":{\"@id\":\"https:\\\/\\\/www.educargeneraoportunidades.org\\\/en\\\/ongoing-projects\\\/go-generating-opportunities\\\/lebanon\\\/#primaryimage\"},\"thumbnailUrl\":\"https:\\\/\\\/www.educargeneraoportunidades.org\\\/\\\/wp-content\\\/uploads\\\/2023\\\/09\\\/logotipo_jrs.svg\",\"datePublished\":\"2018-02-28T08:33:04+00:00\",\"dateModified\":\"2023-12-15T12:02:45+00:00\",\"breadcrumb\":{\"@id\":\"https:\\\/\\\/www.educargeneraoportunidades.org\\\/en\\\/ongoing-projects\\\/go-generating-opportunities\\\/lebanon\\\/#breadcrumb\"},\"inLanguage\":\"en-US\",\"potentialAction\":[{\"@type\":\"ReadAction\",\"target\":[\"https:\\\/\\\/www.educargeneraoportunidades.org\\\/en\\\/ongoing-projects\\\/go-generating-opportunities\\\/lebanon\\\/\"]}]},{\"@type\":\"ImageObject\",\"inLanguage\":\"en-US\",\"@id\":\"https:\\\/\\\/www.educargeneraoportunidades.org\\\/en\\\/ongoing-projects\\\/go-generating-opportunities\\\/lebanon\\\/#primaryimage\",\"url\":\"https:\\\/\\\/www.educargeneraoportunidades.org\\\/\\\/wp-content\\\/uploads\\\/2023\\\/09\\\/logotipo_jrs.svg\",\"contentUrl\":\"https:\\\/\\\/www.educargeneraoportunidades.org\\\/\\\/wp-content\\\/uploads\\\/2023\\\/09\\\/logotipo_jrs.svg\"},{\"@type\":\"BreadcrumbList\",\"@id\":\"https:\\\/\\\/www.educargeneraoportunidades.org\\\/en\\\/ongoing-projects\\\/go-generating-opportunities\\\/lebanon\\\/#breadcrumb\",\"itemListElement\":[{\"@type\":\"ListItem\",\"position\":1,\"name\":\"Portada\",\"item\":\"https:\\\/\\\/www.educargeneraoportunidades.org\\\/en\\\/\"},{\"@type\":\"ListItem\",\"position\":2,\"name\":\"Ongoing projects\",\"item\":\"https:\\\/\\\/www.educargeneraoportunidades.org\\\/en\\\/ongoing-projects\\\/\"},{\"@type\":\"ListItem\",\"position\":3,\"name\":\"GO: Generating Opportunities\",\"item\":\"https:\\\/\\\/www.educargeneraoportunidades.org\\\/en\\\/ongoing-projects\\\/go-generating-opportunities\\\/\"},{\"@type\":\"ListItem\",\"position\":4,\"name\":\"Lebanon\"}]},{\"@type\":\"WebSite\",\"@id\":\"https:\\\/\\\/www.educargeneraoportunidades.org\\\/en\\\/#website\",\"url\":\"https:\\\/\\\/www.educargeneraoportunidades.org\\\/en\\\/\",\"name\":\"Educating generates OPPORTUNITIES\",\"description\":\"INDITEX \\\/ ENTRECULTURAS\",\"potentialAction\":[{\"@type\":\"SearchAction\",\"target\":{\"@type\":\"EntryPoint\",\"urlTemplate\":\"https:\\\/\\\/www.educargeneraoportunidades.org\\\/en\\\/?s={search_term_string}\"},\"query-input\":{\"@type\":\"PropertyValueSpecification\",\"valueRequired\":true,\"valueName\":\"search_term_string\"}}],\"inLanguage\":\"en-US\"}]}<\/script>\n<!-- \/ Yoast SEO plugin. -->","yoast_head_json":{"title":"Lebanon - Educating generates OPPORTUNITIES","robots":{"index":"index","follow":"follow","max-snippet":"max-snippet:-1","max-image-preview":"max-image-preview:large","max-video-preview":"max-video-preview:-1"},"canonical":"https:\/\/www.educargeneraoportunidades.org\/en\/ongoing-projects\/go-generating-opportunities\/lebanon\/","og_locale":"en_US","og_type":"article","og_title":"Lebanon - Educating generates OPPORTUNITIES","og_description":"[vc_row css_animation=&#8221;element_from_fade&#8221; row_type=&#8221;row&#8221; use_row_as_full_screen_section=&#8221;no&#8221; type=&#8221;full_width&#8221; angled_section=&#8221;no&#8221; text_align=&#8221;left&#8221; background_image_as_pattern=&#8221;without_pattern&#8221; z_index=&#8221;&#8221; el_id=&#8221;cabeceraPais&#8221; css=&#8221;.vc_custom_1695643016029{background-image: url(https:\/\/www.educargeneraoportunidades.org\/\/wp-content\/uploads\/2023\/09\/cabecera-8.jpg?id=2944) !important;}&#8221;][vc_column][vc_column_text]In Lebanon we work on the Humanitarian Aid line through a project.[\/vc_column_text][vc_column_text el_class=&#8221;copyright&#8221;]\u00a9 Krist\u00f3f H\u00f6lv\u00e9nyi[\/vc_column_text][\/vc_column][\/vc_row][vc_row css_animation=&#8221;element_from_bottom&#8221; row_type=&#8221;row&#8221; use_row_as_full_screen_section=&#8221;no&#8221; type=&#8221;full_width&#8221; angled_section=&#8221;no&#8221; text_align=&#8221;left&#8221; background_image_as_pattern=&#8221;without_pattern&#8221; el_class=&#8221;proyectoFicha&#8221; z_index=&#8221;&#8221;][vc_column][vc_row_inner row_type=&#8221;row&#8221; type=&#8221;full_width&#8221; text_align=&#8221;left&#8221; css_animation=&#8221;&#8221;][vc_column_inner width=&#8221;1\/2&#8243;][vc_column_text] Proyect 1: [\/vc_column_text][vc_column_text] Quality...","og_url":"https:\/\/www.educargeneraoportunidades.org\/en\/ongoing-projects\/go-generating-opportunities\/lebanon\/","og_site_name":"Educating generates OPPORTUNITIES","article_modified_time":"2023-12-15T12:02:45+00:00","og_image":[{"url":"https:\/\/www.educargeneraoportunidades.org\/\/wp-content\/uploads\/2023\/09\/logotipo_jrs.svg","type":"","width":"","height":""}],"twitter_card":"summary_large_image","twitter_misc":{"Est. reading time":"2 minutes"},"schema":{"@context":"https:\/\/schema.org","@graph":[{"@type":"WebPage","@id":"https:\/\/www.educargeneraoportunidades.org\/en\/ongoing-projects\/go-generating-opportunities\/lebanon\/","url":"https:\/\/www.educargeneraoportunidades.org\/en\/ongoing-projects\/go-generating-opportunities\/lebanon\/","name":"Lebanon - Educating generates OPPORTUNITIES","isPartOf":{"@id":"https:\/\/www.educargeneraoportunidades.org\/en\/#website"},"primaryImageOfPage":{"@id":"https:\/\/www.educargeneraoportunidades.org\/en\/ongoing-projects\/go-generating-opportunities\/lebanon\/#primaryimage"},"image":{"@id":"https:\/\/www.educargeneraoportunidades.org\/en\/ongoing-projects\/go-generating-opportunities\/lebanon\/#primaryimage"},"thumbnailUrl":"https:\/\/www.educargeneraoportunidades.org\/\/wp-content\/uploads\/2023\/09\/logotipo_jrs.svg","datePublished":"2018-02-28T08:33:04+00:00","dateModified":"2023-12-15T12:02:45+00:00","breadcrumb":{"@id":"https:\/\/www.educargeneraoportunidades.org\/en\/ongoing-projects\/go-generating-opportunities\/lebanon\/#breadcrumb"},"inLanguage":"en-US","potentialAction":[{"@type":"ReadAction","target":["https:\/\/www.educargeneraoportunidades.org\/en\/ongoing-projects\/go-generating-opportunities\/lebanon\/"]}]},{"@type":"ImageObject","inLanguage":"en-US","@id":"https:\/\/www.educargeneraoportunidades.org\/en\/ongoing-projects\/go-generating-opportunities\/lebanon\/#primaryimage","url":"https:\/\/www.educargeneraoportunidades.org\/\/wp-content\/uploads\/2023\/09\/logotipo_jrs.svg","contentUrl":"https:\/\/www.educargeneraoportunidades.org\/\/wp-content\/uploads\/2023\/09\/logotipo_jrs.svg"},{"@type":"BreadcrumbList","@id":"https:\/\/www.educargeneraoportunidades.org\/en\/ongoing-projects\/go-generating-opportunities\/lebanon\/#breadcrumb","itemListElement":[{"@type":"ListItem","position":1,"name":"Portada","item":"https:\/\/www.educargeneraoportunidades.org\/en\/"},{"@type":"ListItem","position":2,"name":"Ongoing projects","item":"https:\/\/www.educargeneraoportunidades.org\/en\/ongoing-projects\/"},{"@type":"ListItem","position":3,"name":"GO: Generating Opportunities","item":"https:\/\/www.educargeneraoportunidades.org\/en\/ongoing-projects\/go-generating-opportunities\/"},{"@type":"ListItem","position":4,"name":"Lebanon"}]},{"@type":"WebSite","@id":"https:\/\/www.educargeneraoportunidades.org\/en\/#website","url":"https:\/\/www.educargeneraoportunidades.org\/en\/","name":"Educating generates OPPORTUNITIES","description":"INDITEX \/ ENTRECULTURAS","potentialAction":[{"@type":"SearchAction","target":{"@type":"EntryPoint","urlTemplate":"https:\/\/www.educargeneraoportunidades.org\/en\/?s={search_term_string}"},"query-input":{"@type":"PropertyValueSpecification","valueRequired":true,"valueName":"search_term_string"}}],"inLanguage":"en-US"}]}},"_links":{"self":[{"href":"https:\/\/www.educargeneraoportunidades.org\/en\/wp-json\/wp\/v2\/pages\/4252","targetHints":{"allow":["GET"]}}],"collection":[{"href":"https:\/\/www.educargeneraoportunidades.org\/en\/wp-json\/wp\/v2\/pages"}],"about":[{"href":"https:\/\/www.educargeneraoportunidades.org\/en\/wp-json\/wp\/v2\/types\/page"}],"author":[{"embeddable":true,"href":"https:\/\/www.educargeneraoportunidades.org\/en\/wp-json\/wp\/v2\/users\/1"}],"replies":[{"embeddable":true,"href":"https:\/\/www.educargeneraoportunidades.org\/en\/wp-json\/wp\/v2\/comments?post=4252"}],"version-history":[{"count":6,"href":"https:\/\/www.educargeneraoportunidades.org\/en\/wp-json\/wp\/v2\/pages\/4252\/revisions"}],"predecessor-version":[{"id":4516,"href":"https:\/\/www.educargeneraoportunidades.org\/en\/wp-json\/wp\/v2\/pages\/4252\/revisions\/4516"}],"up":[{"embeddable":true,"href":"https:\/\/www.educargeneraoportunidades.org\/en\/wp-json\/wp\/v2\/pages\/4235"}],"wp:attachment":[{"href":"https:\/\/www.educargeneraoportunidades.org\/en\/wp-json\/wp\/v2\/media?parent=4252"}],"curies":[{"name":"wp","href":"https:\/\/api.w.org\/{rel}","templated":true}]}}